{"id":666,"date":"2017-08-12T20:48:00","date_gmt":"2017-08-12T20:48:00","guid":{"rendered":"http:\/\/abexinc.com\/?page_id=666"},"modified":"2023-08-07T20:07:05","modified_gmt":"2023-08-07T20:07:05","slug":"contact","status":"publish","type":"page","link":"https:\/\/abexinc.com\/es\/contact\/","title":{"rendered":"Contacto"},"content":{"rendered":"<div class=\"wpb-content-wrapper\"><p>[vc_row full_width=\u00bbstretch_row_content_no_spaces\u00bb][vc_column 0=\u00bb\u00bb]<div id='wrap_map_69f75738cff02' class='ultimate-map-wrapper ult-adjust-bottom-margin ' style=' height:400px;'><div id='map_69f75738cff02' data-map_override='0' class='ultimate_google_map wpb_content_element ' style='width:100%;height:400px;'><\/div><\/div><script type='text\/javascript'>\n\t\t\t(function($) {\n  \t\t\t'use strict';\n\t\t\tvar map_map_69f75738cff02 = null;\n\t\t\tvar coordinate_map_69f75738cff02;\n\t\t\tvar isDraggable = $(document).width() > 641 ? 'true' : 'true';\n\t\t\ttry\n\t\t\t{\n\t\t\t\tvar map_map_69f75738cff02 = null;\n\t\t\t\tvar coordinate_map_69f75738cff02;\n\t\t\t\tcoordinate_map_69f75738cff02 = new google.maps.LatLng(26.1827781, -80.2882893);\n\t\t\t\tvar mapOptions=\n\t\t\t\t{\n\t\t\t\t\tzoom: 16,\n\t\t\t\t\tcenter: coordinate_map_69f75738cff02,\n\t\t\t\t\tscaleControl: true,\n\t\t\t\t\tstreetViewControl: true,\n\t\t\t\t\tmapTypeControl: true,\n\t\t\t\t\tpanControl: true,\n\t\t\t\t\tzoomControl: true,\n\t\t\t\t\tscrollwheel: false,\n\t\t\t\t\tdraggable: isDraggable,\n\t\t\t\t\tzoomControlOptions: {\n\t\t\t\t\t\tposition: google.maps.ControlPosition.right_bottom\n\t\t\t\t\t},mapTypeId: google.maps.MapTypeId.roadmap,};var map_map_69f75738cff02 = new google.maps.Map(document.getElementById('map_69f75738cff02'),mapOptions);\n\t\t\t\t\t\tvar x = 'off';\n\t\t\t\t\t\tvar marker_map_69f75738cff02 = new google.maps.Marker({\n\t\t\t\t\t\tposition: new google.maps.LatLng('26.1827781', '-80.2882893'),\n\t\t\t\t\t\tanimation:  google.maps.Animation.DROP,\n\t\t\t\t\t\tmap: map_map_69f75738cff02,\n\t\t\t\t\t\ticon: 'http:\/\/sw-themes.com\/porto_dummy\/wp-content\/uploads\/2016\/06\/pin.png'\n\t\t\t\t\t});\tgoogle.maps.event.addListener(marker_map_69f75738cff02, 'click', toggleBounce);var infowindow = new google.maps.InfoWindow();\n\t\t\t\t\t\t\tinfowindow.setContent('<div class=\"map_info_text\" style=\\'color:#000;\\'><strong>Oficina<\/strong><\/p> <div>FL 33351<\/div> <p><\/div>');infowindow.open(map_map_69f75738cff02,marker_map_69f75738cff02);google.maps.event.addListener(marker_map_69f75738cff02, 'click', function() {\n\t\t\t\t\t\t\t\tinfowindow.open(map_map_69f75738cff02,marker_map_69f75738cff02);\n\t\t\t\t\t\t  \t});}\n\t\t\tcatch(e){};\n\t\t\tjQuery(document).ready(function($){\n\t\t\t\tgoogle.maps.event.trigger(map_map_69f75738cff02, 'resize');\n\t\t\t\t$(window).on('resize', function(){\n\t\t\t\t\tgoogle.maps.event.trigger(map_map_69f75738cff02, 'resize');\n\t\t\t\t\tif(map_map_69f75738cff02!=null)\n\t\t\t\t\t\tmap_map_69f75738cff02.setCenter(coordinate_map_69f75738cff02);\n\t\t\t\t});\n\t\t\t\t$('.ui-tabs').on('tabsactivate', function(event, ui) {\n\t\t\t\t   if($(this).find('.ultimate-map-wrapper').length > 0)\n\t\t\t\t\t{\n\t\t\t\t\t\tsetTimeout(function(){\n\t\t\t\t\t\t\t$(window).trigger('resize');\n\t\t\t\t\t\t},200);\n\t\t\t\t\t}\n\t\t\t\t});\n\t\t\t\t$('.ui-accordion').on('accordionactivate', function(event, ui) {\n\t\t\t\t   if($(this).find('.ultimate-map-wrapper').length > 0)\n\t\t\t\t\t{\n\t\t\t\t\t\tsetTimeout(function(){\n\t\t\t\t\t\t\t$(window).trigger('resize');\n\t\t\t\t\t\t},200);\n\t\t\t\t\t}\n\t\t\t\t});\n\t\t\t\t$(window).on('load',function(){\n\t\t\t\t\tsetTimeout(function(){\n\t\t\t\t\t\t$(window).trigger('resize');\n\t\t\t\t\t},200);\n\t\t\t\t});\n\t\t\t\t$('.ult_exp_section').on('select', function(){\n\t\t\t\t\tif($(map_map_69f75738cff02).parents('.ult_exp_section'))\n\t\t\t\t\t{\n\t\t\t\t\t\tsetTimeout(function(){\n\t\t\t\t\t\t\t$(window).trigger('resize');\n\t\t\t\t\t\t},200);\n\t\t\t\t\t}\n\t\t\t\t});\n\t\t\t\t$(document).on('onUVCModalPopupOpen', function(){\n\t\t\t\t\tif($(map_map_69f75738cff02).parents('.ult_modal-content'))\n\t\t\t\t\t{\n\t\t\t\t\t\tsetTimeout(function(){\n\t\t\t\t\t\t\t$(window).trigger('resize');\n\t\t\t\t\t\t},200);\n\t\t\t\t\t}\n\t\t\t\t});\n\t\t\t\t$(document).on('click','.ult_tab_li',function(){\n\t\t\t\t\t$(window).trigger('resize');\n\t\t\t\t\tsetTimeout(function(){\n\t\t\t\t\t\t$(window).trigger('resize');\n\t\t\t\t\t},200);\n\t\t\t\t});\n\t\t\t});\n\t\t\tfunction toggleBounce() {\n\t\t\t  if (marker_map_69f75738cff02.getAnimation() != null) {\n\t\t\t\tmarker_map_69f75738cff02.setAnimation(null);\n\t\t\t  } else {\n\t\t\t\tmarker_map_69f75738cff02.setAnimation(google.maps.Animation.BOUNCE);\n\t\t\t  }\n\t\t\t}\n\t\t\t})(jQuery);\n\t\t\t<\/script>[\/vc_column][\/vc_row][vc_row wrap_container=\u00bbyes\u00bb el_id=\u00bbcontact\u00bb el_class=\u00bbp-t-xxl p-b-xxl\u00bb][vc_column 0=\u00bb\u00bb][vc_row_inner 0=\u00bb\u00bb][vc_column_inner width=\u00bb1\/2&#8243;]\n<div class=\"wpcf7 no-js\" id=\"wpcf7-f950-o2\" lang=\"es-ES\" dir=\"ltr\" data-wpcf7-id=\"950\">\n<div class=\"screen-reader-response\"><p role=\"status\" aria-live=\"polite\" aria-atomic=\"true\"><\/p> <ul><\/ul><\/div>\n<form action=\"\/es\/wp-json\/wp\/v2\/pages\/666#wpcf7-f950-o2\" method=\"post\" class=\"wpcf7-form init\" aria-label=\"Formulario de contacto\" novalidate=\"novalidate\" data-status=\"init\">\n<fieldset class=\"hidden-fields-container\"><input type=\"hidden\" name=\"_wpcf7\" value=\"950\" \/><input type=\"hidden\" name=\"_wpcf7_version\" value=\"6.1.5\" \/><input type=\"hidden\" name=\"_wpcf7_locale\" value=\"es_ES\" \/><input type=\"hidden\" name=\"_wpcf7_unit_tag\" value=\"wpcf7-f950-o2\" \/><input type=\"hidden\" name=\"_wpcf7_container_post\" value=\"0\" \/><input type=\"hidden\" name=\"_wpcf7_posted_data_hash\" value=\"\" \/><input type=\"hidden\" name=\"_wpcf7_recaptcha_response\" value=\"\" \/>\n<\/fieldset>\n<h2 class=\"short\">Cont\u00e1ctenos<strong> ahora!<\/strong>\n<\/h2>\n<div class=\"row\">\n\t<div class=\"col-md-6\">\n\t\t<div class=\"form-group\">\n\t\t\t<p><label for=\"contact-name\">Tu nombre *<\/label><br \/>\n<span class=\"wpcf7-form-control-wrap\" data-name=\"your-name\"><input size=\"40\" maxlength=\"400\" class=\"wpcf7-form-control wpcf7-text wpcf7-validates-as-required form-control\" aria-required=\"true\" aria-invalid=\"false\" value=\"\" type=\"text\" name=\"your-name\" \/><\/span>\n\t\t\t<\/p>\n\t\t<\/div>\n\t<\/div>\n\t<div class=\"col-md-6\">\n\t\t<div class=\"form-group\">\n\t\t\t<p><label for=\"contact-email\">Tu correo electr\u00f3nico *<\/label><br \/>\n<span class=\"wpcf7-form-control-wrap\" data-name=\"your-email\"><input size=\"40\" maxlength=\"400\" class=\"wpcf7-form-control wpcf7-email wpcf7-validates-as-required wpcf7-text wpcf7-validates-as-email form-control\" aria-required=\"true\" aria-invalid=\"false\" value=\"\" type=\"email\" name=\"your-email\" \/><\/span>\n\t\t\t<\/p>\n\t\t<\/div>\n\t<\/div>\n\t<div class=\"col-md-12\">\n\t\t<div class=\"form-group\">\n\t\t\t<p><label for=\"contact-subject\">Asunto<\/label><br \/>\n<span class=\"wpcf7-form-control-wrap\" data-name=\"your-subject\"><input size=\"40\" maxlength=\"400\" class=\"wpcf7-form-control wpcf7-text form-control\" aria-invalid=\"false\" value=\"\" type=\"text\" name=\"your-subject\" \/><\/span>\n\t\t\t<\/p>\n\t\t<\/div>\n\t<\/div>\n\t<div class=\"col-md-12\">\n\t\t<div class=\"form-group\">\n\t\t\t<p><label for=\"contact-message\">Tu mensaje<\/label><br \/>\n<span class=\"wpcf7-form-control-wrap\" data-name=\"your-message\"><textarea cols=\"40\" rows=\"10\" maxlength=\"2000\" class=\"wpcf7-form-control wpcf7-textarea form-control\" aria-invalid=\"false\" name=\"your-message\"><\/textarea><\/span>\n\t\t\t<\/p>\n\t\t<\/div>\n\t<\/div>\n\t<div class=\"col-md-12\">\n\t\t<div class=\"form-group\">\n\t\t\n\t\t\t<p><input class=\"wpcf7-form-control wpcf7-submit has-spinner btn btn-primary btn-lg\" type=\"submit\" value=\"Enviar mensaje\" \/>\n\t\t\t<\/p>\n\t\t<\/div>\n\t<\/div>\n<\/div><input type='hidden' class='wpcf7-pum' value='{\"closepopup\":false,\"closedelay\":0,\"openpopup\":false,\"openpopup_id\":0}' \/><div class=\"wpcf7-response-output\" aria-hidden=\"true\"><\/div>\n<\/form>\n<\/div>\n[vc_empty_space height=\u00bb30px\u00bb][\/vc_column_inner][vc_column_inner width=\u00bb1\/2&#8243;][vc_custom_heading text=\u00bbEntra en <strong>contacto<\/strong>\u00bb font_container=\u00bbtag:h4|text_align:left\u00bb use_theme_fonts=\u00bbyes\u00bb skin=\u00bbprimary\u00bb el_class=\u00bbm-t\u00bb][vc_column_text 0=\u00bb\u00bb]Para presupuestos de piezas, por favor complete nuestro formulario de contacto e incluya la descripci\u00f3n de la pieza, n\u00famero de pieza si est\u00e1 disponible, fabricante del veh\u00edculo, modelo y a\u00f1o.[\/vc_column_text][vc_separator color=\u00bbcustom\u00bb gradient=\u00bbyes\u00bb][vc_custom_heading text=\u00bbNuestra <strong>Oficina<\/strong>\u00bb font_container=\u00bbtag:h4|text_align:left\u00bb use_theme_fonts=\u00bbyes\u00bb skin=\u00bbprimary\u00bb]<div class=\"aio-icon-component    style_1\"><div id=\"Info-box-wrap-7587\" class=\"aio-icon-box default-icon\" style=\"\"  ><div class=\"aio-icon-default\"><div class=\"ult-just-icon-wrapper  \"><div class=\"align-icon\" style=\"text-align:center;\">\n<div class=\"aio-icon circle \"  style=\"color:#ffffff;background:#22468e;font-size:14px;display:inline-block;\">\n\t<i class=\"Defaults-map-marker\"><\/i>\n<\/div><\/div><\/div><\/div><div class=\"aio-icon-header\" ><h3 class=\"aio-icon-title ult-responsive\"  data-ultimate-target='#Info-box-wrap-7587 .aio-icon-title'  data-responsive-json-new='{\"font-size\":\"desktop:14px;\",\"line-height\":\"\"}'  style=\"\"><strong>Direcci\u00f3n:<\/strong> 10242 NW 47TH ST, SUITE #32 SUNRISE, FL 33351<\/h3><\/div> <!-- header --><\/div> <!-- aio-icon-box --><\/div> <!-- aio-icon-component --><div class=\"aio-icon-component   m-t-n style_1\"><div id=\"Info-box-wrap-6127\" class=\"aio-icon-box default-icon\" style=\"\"  ><div class=\"aio-icon-default\"><div class=\"ult-just-icon-wrapper  \"><div class=\"align-icon\" style=\"text-align:center;\">\n<div class=\"aio-icon circle \"  style=\"color:#ffffff;background:#22468e;font-size:14px;display:inline-block;\">\n\t<i class=\"Defaults-phone\"><\/i>\n<\/div><\/div><\/div><\/div><div class=\"aio-icon-header\" ><h3 class=\"aio-icon-title ult-responsive\"  data-ultimate-target='#Info-box-wrap-6127 .aio-icon-title'  data-responsive-json-new='{\"font-size\":\"desktop:14px;\",\"line-height\":\"\"}'  style=\"\"><strong>Tel\u00e9fono:<\/strong> (954) 805-1088<\/h3><\/div> <!-- header --><\/div> <!-- aio-icon-box --><\/div> <!-- aio-icon-component --><div class=\"aio-icon-component   m-t-n style_1\"><div id=\"Info-box-wrap-6906\" class=\"aio-icon-box default-icon\" style=\"\"  ><div class=\"aio-icon-default\"><div class=\"ult-just-icon-wrapper  \"><div class=\"align-icon\" style=\"text-align:center;\">\n<div class=\"aio-icon circle \"  style=\"color:#ffffff;background:#22468e;font-size:14px;display:inline-block;\">\n\t<i class=\"Defaults-envelope\"><\/i>\n<\/div><\/div><\/div><\/div><div class=\"aio-icon-header\" ><h3 class=\"aio-icon-title ult-responsive\"  data-ultimate-target='#Info-box-wrap-6906 .aio-icon-title'  data-responsive-json-new='{\"font-size\":\"desktop:14px;\",\"line-height\":\"\"}'  style=\"\"><strong>Correo electr\u00f3nico:<\/strong> sales@abexinc.com<\/h3><\/div> <!-- header --><\/div> <!-- aio-icon-box --><\/div> <!-- aio-icon-component -->[vc_separator color=\u00bbcustom\u00bb gradient=\u00bbyes\u00bb][vc_custom_heading text=\u00bbNuestro <strong>Horario<\/strong>\u00bb font_container=\u00bbtag:h4|text_align:left\u00bb use_theme_fonts=\u00bbyes\u00bb skin=\u00bbprimary\u00bb]<div class=\"aio-icon-component    style_1\"><div id=\"Info-box-wrap-7730\" class=\"aio-icon-box default-icon\" style=\"\"  ><div class=\"aio-icon-default\"><div class=\"ult-just-icon-wrapper  \"><div class=\"align-icon\" style=\"text-align:center;\">\n<div class=\"aio-icon none \"  style=\"color:#333;font-size:14px;display:inline-block;\">\n\t<i class=\"Defaults-clock-o\"><\/i>\n<\/div><\/div><\/div><\/div><div class=\"aio-icon-header\" ><h3 class=\"aio-icon-title ult-responsive\"  data-ultimate-target='#Info-box-wrap-7730 .aio-icon-title'  data-responsive-json-new='{\"font-size\":\"desktop:14px;\",\"line-height\":\"\"}'  style=\"\">Lunes - Viernes 9am a 6pm<\/h3><\/div> <!-- header --><\/div> <!-- aio-icon-box --><\/div> <!-- aio-icon-component -->[\/vc_column_inner][\/vc_row_inner][\/vc_column][\/vc_row]<\/p>\n<\/div>","protected":false},"excerpt":{"rendered":"<p>[vc_row full_width=\u00bbstretch_row_content_no_spaces\u00bb][vc_column 0=\u00bb\u00bb][\/vc_column][\/vc_row][vc_row wrap_container=\u00bbyes\u00bb el_id=\u00bbcontact\u00bb el_class=\u00bbp-t-xxl p-b-xxl\u00bb][vc_column 0=\u00bb\u00bb][vc_row_inner 0=\u00bb\u00bb][vc_column_inner width=\u00bb1\/2&#8243;][vc_empty_space height=\u00bb30px\u00bb][\/vc_column_inner][vc_column_inner width=\u00bb1\/2&#8243;][vc_custom_heading text=\u00bbEntra en contacto\u00bb font_container=\u00bbtag:h4|text_align:left\u00bb use_theme_fonts=\u00bbyes\u00bb skin=\u00bbprimary\u00bb el_class=\u00bbm-t\u00bb][vc_column_text 0=\u00bb\u00bb]Para presupuestos de piezas, por favor complete nuestro formulario de contacto e incluya la descripci\u00f3n de la pieza, n\u00famero de pieza si est\u00e1 disponible, fabricante del veh\u00edculo, modelo y a\u00f1o.[\/vc_column_text][vc_separator color=\u00bbcustom\u00bb gradient=\u00bbyes\u00bb][vc_custom_heading text=\u00bbNuestra Oficina\u00bb font_container=\u00bbtag:h4|text_align:left\u00bb use_theme_fonts=\u00bbyes\u00bb [&hellip;]<\/p>\n","protected":false},"author":2,"featured_media":0,"parent":0,"menu_order":0,"comment_status":"closed","ping_status":"closed","template":"","meta":{"footnotes":""},"class_list":["post-666","page","type-page","status-publish","hentry"],"_links":{"self":[{"href":"https:\/\/abexinc.com\/es\/wp-json\/wp\/v2\/pages\/666","targetHints":{"allow":["GET"]}}],"collection":[{"href":"https:\/\/abexinc.com\/es\/wp-json\/wp\/v2\/pages"}],"about":[{"href":"https:\/\/abexinc.com\/es\/wp-json\/wp\/v2\/types\/page"}],"author":[{"embeddable":true,"href":"https:\/\/abexinc.com\/es\/wp-json\/wp\/v2\/users\/2"}],"replies":[{"embeddable":true,"href":"https:\/\/abexinc.com\/es\/wp-json\/wp\/v2\/comments?post=666"}],"version-history":[{"count":11,"href":"https:\/\/abexinc.com\/es\/wp-json\/wp\/v2\/pages\/666\/revisions"}],"predecessor-version":[{"id":1111,"href":"https:\/\/abexinc.com\/es\/wp-json\/wp\/v2\/pages\/666\/revisions\/1111"}],"wp:attachment":[{"href":"https:\/\/abexinc.com\/es\/wp-json\/wp\/v2\/media?parent=666"}],"curies":[{"name":"wp","href":"https:\/\/api.w.org\/{rel}","templated":true}]}}