{"id":664,"date":"2017-08-12T20:47:44","date_gmt":"2017-08-12T20:47:44","guid":{"rendered":"http:\/\/abexinc.com\/?page_id=664"},"modified":"2023-08-26T12:28:41","modified_gmt":"2023-08-26T12:28:41","slug":"products","status":"publish","type":"page","link":"https:\/\/abexinc.com\/es\/products\/","title":{"rendered":"Productos"},"content":{"rendered":"<div class=\"wpb-content-wrapper\"><p>[vc_row][vc_column][vc_custom_heading text=\u00bbBater\u00edas Automotrices y de Equipo pesado (Comercial)\u00bb use_theme_fonts=\u00bbyes\u00bb][vc_column_text el_class=\u00bblead\u00bb]Nuestras bater\u00edas son fabricadas bajo los mas altos est\u00e1ndares de calidad, entregando siempre el mejor desempe\u00f1o y mayor durabilidad. Contamos con bater\u00edas para todas las aplicaciones desde veh\u00edculos peque\u00f1os hasta equipo pesado y tambi\u00e9n bater\u00edas para aplicaciones solares y de ciclo profundo.[\/vc_column_text][vc_row_inner el_class=\u00bbm-t-xl\u00bb][vc_column_inner width=\u00bb1\/3&#8243; offset=\u00bbvc_col-xs-4&#8243;][vc_single_image image=\u00bb739&#8243; img_size=\u00bbfull\u00bb alignment=\u00bbcenter\u00bb onclick=\u00bbcustom_link\u00bb el_class=\u00bbm-b-sm\u00bb][\/vc_column_inner][vc_column_inner width=\u00bb2\/3&#8243;][vc_custom_heading text=\u00bbBater\u00edas Powermaster\u00bb font_container=\u00bbtag:h4|text_align:left\u00bb use_theme_fonts=\u00bbyes\u00bb skin=\u00bbprimary\u00bb el_class=\u00bbfont-weight-semibold m-b-xs\u00bb][vc_column_text]La bater\u00eda Powermaster se fabrica en los Estados Unidos y tiene una garant\u00eda de f\u00e1brica de 12 meses. Es ideal para las flotas y el equipo pesado. Una bater\u00eda de alta calidad y mantenimiento gratuito.[\/vc_column_text][\/vc_column_inner][\/vc_row_inner][vc_row_inner el_class=\u00bbm-t-xl\u00bb][vc_column_inner width=\u00bb1\/3&#8243; offset=\u00bbvc_col-xs-4&#8243;][vc_single_image image=\u00bb738&#8243; img_size=\u00bbfull\u00bb alignment=\u00bbcenter\u00bb onclick=\u00bbcustom_link\u00bb el_class=\u00bbm-b-sm\u00bb][\/vc_column_inner][vc_column_inner width=\u00bb2\/3&#8243;][vc_custom_heading text=\u00bbBater\u00edas DEKA Pro Master\u00bb font_container=\u00bbtag:h4|text_align:left\u00bb use_theme_fonts=\u00bbyes\u00bb skin=\u00bbprimary\u00bb el_class=\u00bbfont-weight-semibold m-b-xs\u00bb][vc_column_text]La gama de bater\u00edas ProMaster es ideal para aplicaciones solares, m\u00e1quinas de barrido, carritos de golf, plataformas elevadoras, veh\u00edculos el\u00e9ctricos y cualquier aplicaci\u00f3n que requiera ciclo de 6, 8 o 12 voltios. La tecnolog\u00eda y la calidad en el proceso de fabricaci\u00f3n garantizan una larga vida y un mejor rendimiento.[\/vc_column_text][\/vc_column_inner][\/vc_row_inner][vc_row_inner el_class=\u00bbm-t-xl m-b-xl\u00bb][vc_column_inner width=\u00bb1\/3&#8243; offset=\u00bbvc_col-xs-4&#8243;][vc_single_image image=\u00bb737&#8243; img_size=\u00bbfull\u00bb alignment=\u00bbcenter\u00bb onclick=\u00bbcustom_link\u00bb el_class=\u00bbm-b-sm\u00bb][\/vc_column_inner][vc_column_inner width=\u00bb2\/3&#8243;][vc_custom_heading text=\u00bbBater\u00edas Silvercast\u00bb font_container=\u00bbtag:h4|text_align:left\u00bb use_theme_fonts=\u00bbyes\u00bb skin=\u00bbprimary\u00bb el_class=\u00bbfont-weight-semibold m-b-xs\u00bb][vc_column_text]La bater\u00eda SILVERCAST es una bater\u00eda de alta calidad, Libre de Mantenimiento y semi-sellada. SILVERCAST cuenta con el respaldo de una garant\u00eda de 12 hasta 24 meses con 6 meses de garant\u00eda AL 100% en las bater\u00edas automotrices y comerciales para equipo pesado.[\/vc_column_text][\/vc_column_inner][\/vc_row_inner][\/vc_column][\/vc_row][vc_row][vc_column][vc_custom_heading text=\u00bbNuestros <strong>Productos<\/strong>\u00bb use_theme_fonts=\u00bbyes\u00bb][\/vc_column][\/vc_row][vc_row][vc_column width=\u00bb3\/4&#8243;]<div id=\"porto-portfolio-9704\" class=\"porto-portfolios porto-portfolios77222e863a37211dbcfe46723ed27464 wpb_content_element \">\n\t<div class=\"page-portfolios clearfix portfolios-grid\" id=\"porto_portfolios_b3ms\">\n\n\t\n\t\n\t\t\t<div class=\"portfolios-container portfolio-row portfolio-row-4 classic\">\n\n\t\n\t\t<article class=\"portfolio portfolio-grid portfolio-col-4 silver-cast post-865 type-portfolio status-publish has-post-thumbnail hentry portfolio_cat-silver-cast\">\n\t\t<h3 class=\"entry-title\" style=\"display: none;\">27850<\/h3><span class=\"vcard\" style=\"display: none;\"><span class=\"fn\"><a href=\"https:\/\/abexinc.com\/es\/author\/webteam\/\" title=\"Entradas de WebTeam 2Imotion\" rel=\"author\">WebTeam 2Imotion<\/a><\/span><\/span><span class=\"updated\" style=\"display:none\">2017-08-16T20:40:45+00:00<\/span>\t\t<div class=\"portfolio-item default\">\n\t\t\t\n\t\t\t<a class=\"text-decoration-none portfolio-link\" href=\"https:\/\/abexinc.com\/es\/portfolio\/27850\/\">\n\t\t\t\t<span class=\"thumb-info thumb-info-lighten\">\n\t\t\t\t\t<span class=\"thumb-info-wrapper\">\n\t\t\t\t\t\t\t\t\t\t\t\t\t\t\t<img loading=\"lazy\" decoding=\"async\" class=\"img-responsive\" src=\"https:\/\/abexinc.com\/wp-content\/uploads\/2017\/08\/18_27_SILVER_CAST-367x367.jpg\" alt=\"\" width=\"367\" height=\"367\" \/>\n\t\t\t\t\t\t\t\t\t\n\t\t\t\t\t\t\n\t\t\t\t\t\t\n\t\t\t\t\t\t\t\t\t\t\t\t\t\t\t\t<span class=\"thumb-info-title\">\n\n\t\t\t\t\t\t\t\t\t\t<span class=\"thumb-info-inner\">27850<\/span>\n\n\t\t\t\t\t\t\t\t\t\t\n\t\t\t\t\t\t\t\t\t<\/span>\n\t\t\t\t\t\t\t\t\t\t\t\t\t\t\t\t\t\t\t\t\t\t\t\t\t\t\t<span class=\"thumb-info-action\">\n\t\t\t\t\t\t\t\t\t\t\t\t\t\t\t\t\t<span class=\"thumb-info-action-icon thumb-info-action-icon-dark opacity-8\"><i class=\"fa fa-link\"><\/i><\/span>\n\t\t\t\t\t\t\t\t\t\t\t\t\t\t\t\t\t\t\t\t\t\t\t<\/span>\n\t\t\t\t\t\t\t\t\t\t\t\t\t\t\t\t\t<\/span>\n\t\t\t\t<\/span>\n\t\t\t<\/a>\n\t\t\t\t\t\t\t\t<\/div>\n\t<\/article>\n\t\t<article class=\"portfolio portfolio-grid portfolio-col-4 silver-cast post-864 type-portfolio status-publish has-post-thumbnail hentry portfolio_cat-silver-cast\">\n\t\t<h3 class=\"entry-title\" style=\"display: none;\">27750<\/h3><span class=\"vcard\" style=\"display: none;\"><span class=\"fn\"><a href=\"https:\/\/abexinc.com\/es\/author\/webteam\/\" title=\"Entradas de WebTeam 2Imotion\" rel=\"author\">WebTeam 2Imotion<\/a><\/span><\/span><span class=\"updated\" style=\"display:none\">2017-08-16T20:40:08+00:00<\/span>\t\t<div class=\"portfolio-item default\">\n\t\t\t\n\t\t\t<a class=\"text-decoration-none portfolio-link\" href=\"https:\/\/abexinc.com\/es\/portfolio\/27750\/\">\n\t\t\t\t<span class=\"thumb-info thumb-info-lighten\">\n\t\t\t\t\t<span class=\"thumb-info-wrapper\">\n\t\t\t\t\t\t\t\t\t\t\t\t\t\t\t<img loading=\"lazy\" decoding=\"async\" class=\"img-responsive\" src=\"https:\/\/abexinc.com\/wp-content\/uploads\/2017\/08\/18_27_SILVER_CAST-367x367.jpg\" alt=\"\" width=\"367\" height=\"367\" \/>\n\t\t\t\t\t\t\t\t\t\n\t\t\t\t\t\t\n\t\t\t\t\t\t\n\t\t\t\t\t\t\t\t\t\t\t\t\t\t\t\t<span class=\"thumb-info-title\">\n\n\t\t\t\t\t\t\t\t\t\t<span class=\"thumb-info-inner\">27750<\/span>\n\n\t\t\t\t\t\t\t\t\t\t\n\t\t\t\t\t\t\t\t\t<\/span>\n\t\t\t\t\t\t\t\t\t\t\t\t\t\t\t\t\t\t\t\t\t\t\t\t\t\t\t<span class=\"thumb-info-action\">\n\t\t\t\t\t\t\t\t\t\t\t\t\t\t\t\t\t<span class=\"thumb-info-action-icon thumb-info-action-icon-dark opacity-8\"><i class=\"fa fa-link\"><\/i><\/span>\n\t\t\t\t\t\t\t\t\t\t\t\t\t\t\t\t\t\t\t\t\t\t\t<\/span>\n\t\t\t\t\t\t\t\t\t\t\t\t\t\t\t\t\t<\/span>\n\t\t\t\t<\/span>\n\t\t\t<\/a>\n\t\t\t\t\t\t\t\t<\/div>\n\t<\/article>\n\t\t<article class=\"portfolio portfolio-grid portfolio-col-4 silver-cast post-863 type-portfolio status-publish has-post-thumbnail hentry portfolio_cat-silver-cast\">\n\t\t<h3 class=\"entry-title\" style=\"display: none;\">8D1500<\/h3><span class=\"vcard\" style=\"display: none;\"><span class=\"fn\"><a href=\"https:\/\/abexinc.com\/es\/author\/webteam\/\" title=\"Entradas de WebTeam 2Imotion\" rel=\"author\">WebTeam 2Imotion<\/a><\/span><\/span><span class=\"updated\" style=\"display:none\">2017-08-16T20:38:37+00:00<\/span>\t\t<div class=\"portfolio-item default\">\n\t\t\t\n\t\t\t<a class=\"text-decoration-none portfolio-link\" href=\"https:\/\/abexinc.com\/es\/portfolio\/8d1500\/\">\n\t\t\t\t<span class=\"thumb-info thumb-info-lighten\">\n\t\t\t\t\t<span class=\"thumb-info-wrapper\">\n\t\t\t\t\t\t\t\t\t\t\t\t\t\t\t<img loading=\"lazy\" decoding=\"async\" class=\"img-responsive\" src=\"https:\/\/abexinc.com\/wp-content\/uploads\/2017\/08\/24_8D_SILVER_CAST-367x367.jpg\" alt=\"\" width=\"367\" height=\"367\" \/>\n\t\t\t\t\t\t\t\t\t\n\t\t\t\t\t\t\n\t\t\t\t\t\t\n\t\t\t\t\t\t\t\t\t\t\t\t\t\t\t\t<span class=\"thumb-info-title\">\n\n\t\t\t\t\t\t\t\t\t\t<span class=\"thumb-info-inner\">8D1500<\/span>\n\n\t\t\t\t\t\t\t\t\t\t\n\t\t\t\t\t\t\t\t\t<\/span>\n\t\t\t\t\t\t\t\t\t\t\t\t\t\t\t\t\t\t\t\t\t\t\t\t\t\t\t<span class=\"thumb-info-action\">\n\t\t\t\t\t\t\t\t\t\t\t\t\t\t\t\t\t<span class=\"thumb-info-action-icon thumb-info-action-icon-dark opacity-8\"><i class=\"fa fa-link\"><\/i><\/span>\n\t\t\t\t\t\t\t\t\t\t\t\t\t\t\t\t\t\t\t\t\t\t\t<\/span>\n\t\t\t\t\t\t\t\t\t\t\t\t\t\t\t\t\t<\/span>\n\t\t\t\t<\/span>\n\t\t\t<\/a>\n\t\t\t\t\t\t\t\t<\/div>\n\t<\/article>\n\t\t<article class=\"portfolio portfolio-grid portfolio-col-4 silver-cast post-862 type-portfolio status-publish has-post-thumbnail hentry portfolio_cat-silver-cast\">\n\t\t<h3 class=\"entry-title\" style=\"display: none;\">31T850<\/h3><span class=\"vcard\" style=\"display: none;\"><span class=\"fn\"><a href=\"https:\/\/abexinc.com\/es\/author\/webteam\/\" title=\"Entradas de WebTeam 2Imotion\" rel=\"author\">WebTeam 2Imotion<\/a><\/span><\/span><span class=\"updated\" style=\"display:none\">2017-08-16T20:37:47+00:00<\/span>\t\t<div class=\"portfolio-item default\">\n\t\t\t\n\t\t\t<a class=\"text-decoration-none portfolio-link\" href=\"https:\/\/abexinc.com\/es\/portfolio\/31t850\/\">\n\t\t\t\t<span class=\"thumb-info thumb-info-lighten\">\n\t\t\t\t\t<span class=\"thumb-info-wrapper\">\n\t\t\t\t\t\t\t\t\t\t\t\t\t\t\t<img loading=\"lazy\" decoding=\"async\" class=\"img-responsive\" src=\"https:\/\/abexinc.com\/wp-content\/uploads\/2017\/08\/21_31T_SILVER_CAST-367x367.jpg\" alt=\"\" width=\"367\" height=\"367\" \/>\n\t\t\t\t\t\t\t\t\t\n\t\t\t\t\t\t\n\t\t\t\t\t\t\n\t\t\t\t\t\t\t\t\t\t\t\t\t\t\t\t<span class=\"thumb-info-title\">\n\n\t\t\t\t\t\t\t\t\t\t<span class=\"thumb-info-inner\">31T850<\/span>\n\n\t\t\t\t\t\t\t\t\t\t\n\t\t\t\t\t\t\t\t\t<\/span>\n\t\t\t\t\t\t\t\t\t\t\t\t\t\t\t\t\t\t\t\t\t\t\t\t\t\t\t<span class=\"thumb-info-action\">\n\t\t\t\t\t\t\t\t\t\t\t\t\t\t\t\t\t<span class=\"thumb-info-action-icon thumb-info-action-icon-dark opacity-8\"><i class=\"fa fa-link\"><\/i><\/span>\n\t\t\t\t\t\t\t\t\t\t\t\t\t\t\t\t\t\t\t\t\t\t\t<\/span>\n\t\t\t\t\t\t\t\t\t\t\t\t\t\t\t\t\t<\/span>\n\t\t\t\t<\/span>\n\t\t\t<\/a>\n\t\t\t\t\t\t\t\t<\/div>\n\t<\/article>\n\t\t<article class=\"portfolio portfolio-grid portfolio-col-4 silver-cast post-861 type-portfolio status-publish has-post-thumbnail hentry portfolio_cat-silver-cast\">\n\t\t<h3 class=\"entry-title\" style=\"display: none;\">4D1350<\/h3><span class=\"vcard\" style=\"display: none;\"><span class=\"fn\"><a href=\"https:\/\/abexinc.com\/es\/author\/webteam\/\" title=\"Entradas de WebTeam 2Imotion\" rel=\"author\">WebTeam 2Imotion<\/a><\/span><\/span><span class=\"updated\" style=\"display:none\">2017-08-16T20:37:00+00:00<\/span>\t\t<div class=\"portfolio-item default\">\n\t\t\t\n\t\t\t<a class=\"text-decoration-none portfolio-link\" href=\"https:\/\/abexinc.com\/es\/portfolio\/4d1350\/\">\n\t\t\t\t<span class=\"thumb-info thumb-info-lighten\">\n\t\t\t\t\t<span class=\"thumb-info-wrapper\">\n\t\t\t\t\t\t\t\t\t\t\t\t\t\t\t<img loading=\"lazy\" decoding=\"async\" class=\"img-responsive\" src=\"https:\/\/abexinc.com\/wp-content\/uploads\/2017\/08\/23_4D_SILVER_CAST-367x367.jpg\" alt=\"\" width=\"367\" height=\"367\" \/>\n\t\t\t\t\t\t\t\t\t\n\t\t\t\t\t\t\n\t\t\t\t\t\t\n\t\t\t\t\t\t\t\t\t\t\t\t\t\t\t\t<span class=\"thumb-info-title\">\n\n\t\t\t\t\t\t\t\t\t\t<span class=\"thumb-info-inner\">4D1350<\/span>\n\n\t\t\t\t\t\t\t\t\t\t\n\t\t\t\t\t\t\t\t\t<\/span>\n\t\t\t\t\t\t\t\t\t\t\t\t\t\t\t\t\t\t\t\t\t\t\t\t\t\t\t<span class=\"thumb-info-action\">\n\t\t\t\t\t\t\t\t\t\t\t\t\t\t\t\t\t<span class=\"thumb-info-action-icon thumb-info-action-icon-dark opacity-8\"><i class=\"fa fa-link\"><\/i><\/span>\n\t\t\t\t\t\t\t\t\t\t\t\t\t\t\t\t\t\t\t\t\t\t\t<\/span>\n\t\t\t\t\t\t\t\t\t\t\t\t\t\t\t\t\t<\/span>\n\t\t\t\t<\/span>\n\t\t\t<\/a>\n\t\t\t\t\t\t\t\t<\/div>\n\t<\/article>\n\t\t<article class=\"portfolio portfolio-grid portfolio-col-4 silver-cast post-860 type-portfolio status-publish has-post-thumbnail hentry portfolio_cat-silver-cast\">\n\t\t<h3 class=\"entry-title\" style=\"display: none;\">24800<\/h3><span class=\"vcard\" style=\"display: none;\"><span class=\"fn\"><a href=\"https:\/\/abexinc.com\/es\/author\/webteam\/\" title=\"Entradas de WebTeam 2Imotion\" rel=\"author\">WebTeam 2Imotion<\/a><\/span><\/span><span class=\"updated\" style=\"display:none\">2017-08-16T20:35:41+00:00<\/span>\t\t<div class=\"portfolio-item default\">\n\t\t\t\n\t\t\t<a class=\"text-decoration-none portfolio-link\" href=\"https:\/\/abexinc.com\/es\/portfolio\/24800\/\">\n\t\t\t\t<span class=\"thumb-info thumb-info-lighten\">\n\t\t\t\t\t<span class=\"thumb-info-wrapper\">\n\t\t\t\t\t\t\t\t\t\t\t\t\t\t\t<img loading=\"lazy\" decoding=\"async\" class=\"img-responsive\" src=\"https:\/\/abexinc.com\/wp-content\/uploads\/2017\/08\/16_24_SILVER_CAST-367x367.jpg\" alt=\"\" width=\"367\" height=\"367\" \/>\n\t\t\t\t\t\t\t\t\t\n\t\t\t\t\t\t\n\t\t\t\t\t\t\n\t\t\t\t\t\t\t\t\t\t\t\t\t\t\t\t<span class=\"thumb-info-title\">\n\n\t\t\t\t\t\t\t\t\t\t<span class=\"thumb-info-inner\">24800<\/span>\n\n\t\t\t\t\t\t\t\t\t\t\n\t\t\t\t\t\t\t\t\t<\/span>\n\t\t\t\t\t\t\t\t\t\t\t\t\t\t\t\t\t\t\t\t\t\t\t\t\t\t\t<span class=\"thumb-info-action\">\n\t\t\t\t\t\t\t\t\t\t\t\t\t\t\t\t\t<span class=\"thumb-info-action-icon thumb-info-action-icon-dark opacity-8\"><i class=\"fa fa-link\"><\/i><\/span>\n\t\t\t\t\t\t\t\t\t\t\t\t\t\t\t\t\t\t\t\t\t\t\t<\/span>\n\t\t\t\t\t\t\t\t\t\t\t\t\t\t\t\t\t<\/span>\n\t\t\t\t<\/span>\n\t\t\t<\/a>\n\t\t\t\t\t\t\t\t<\/div>\n\t<\/article>\n\t\t<article class=\"portfolio portfolio-grid portfolio-col-4 silver-cast post-859 type-portfolio status-publish has-post-thumbnail hentry portfolio_cat-silver-cast\">\n\t\t<h3 class=\"entry-title\" style=\"display: none;\">24550<\/h3><span class=\"vcard\" style=\"display: none;\"><span class=\"fn\"><a href=\"https:\/\/abexinc.com\/es\/author\/webteam\/\" title=\"Entradas de WebTeam 2Imotion\" rel=\"author\">WebTeam 2Imotion<\/a><\/span><\/span><span class=\"updated\" style=\"display:none\">2017-08-16T20:34:43+00:00<\/span>\t\t<div class=\"portfolio-item default\">\n\t\t\t\n\t\t\t<a class=\"text-decoration-none portfolio-link\" href=\"https:\/\/abexinc.com\/es\/portfolio\/24550\/\">\n\t\t\t\t<span class=\"thumb-info thumb-info-lighten\">\n\t\t\t\t\t<span class=\"thumb-info-wrapper\">\n\t\t\t\t\t\t\t\t\t\t\t\t\t\t\t<img loading=\"lazy\" decoding=\"async\" class=\"img-responsive\" src=\"https:\/\/abexinc.com\/wp-content\/uploads\/2017\/08\/16_24_SILVER_CAST-367x367.jpg\" alt=\"\" width=\"367\" height=\"367\" \/>\n\t\t\t\t\t\t\t\t\t\n\t\t\t\t\t\t\n\t\t\t\t\t\t\n\t\t\t\t\t\t\t\t\t\t\t\t\t\t\t\t<span class=\"thumb-info-title\">\n\n\t\t\t\t\t\t\t\t\t\t<span class=\"thumb-info-inner\">24550<\/span>\n\n\t\t\t\t\t\t\t\t\t\t\n\t\t\t\t\t\t\t\t\t<\/span>\n\t\t\t\t\t\t\t\t\t\t\t\t\t\t\t\t\t\t\t\t\t\t\t\t\t\t\t<span class=\"thumb-info-action\">\n\t\t\t\t\t\t\t\t\t\t\t\t\t\t\t\t\t<span class=\"thumb-info-action-icon thumb-info-action-icon-dark opacity-8\"><i class=\"fa fa-link\"><\/i><\/span>\n\t\t\t\t\t\t\t\t\t\t\t\t\t\t\t\t\t\t\t\t\t\t\t<\/span>\n\t\t\t\t\t\t\t\t\t\t\t\t\t\t\t\t\t<\/span>\n\t\t\t\t<\/span>\n\t\t\t<\/a>\n\t\t\t\t\t\t\t\t<\/div>\n\t<\/article>\n\t\t<article class=\"portfolio portfolio-grid portfolio-col-4 silver-cast post-858 type-portfolio status-publish has-post-thumbnail hentry portfolio_cat-silver-cast\">\n\t\t<h3 class=\"entry-title\" style=\"display: none;\">42500<\/h3><span class=\"vcard\" style=\"display: none;\"><span class=\"fn\"><a href=\"https:\/\/abexinc.com\/es\/author\/webteam\/\" title=\"Entradas de WebTeam 2Imotion\" rel=\"author\">WebTeam 2Imotion<\/a><\/span><\/span><span class=\"updated\" style=\"display:none\">2017-08-16T20:33:02+00:00<\/span>\t\t<div class=\"portfolio-item default\">\n\t\t\t\n\t\t\t<a class=\"text-decoration-none portfolio-link\" href=\"https:\/\/abexinc.com\/es\/portfolio\/42500\/\">\n\t\t\t\t<span class=\"thumb-info thumb-info-lighten\">\n\t\t\t\t\t<span class=\"thumb-info-wrapper\">\n\t\t\t\t\t\t\t\t\t\t\t\t\t\t\t<img loading=\"lazy\" decoding=\"async\" class=\"img-responsive\" src=\"https:\/\/abexinc.com\/wp-content\/uploads\/2017\/08\/07_47_SILVER_CAST-367x367.jpg\" alt=\"\" width=\"367\" height=\"367\" \/>\n\t\t\t\t\t\t\t\t\t\n\t\t\t\t\t\t\n\t\t\t\t\t\t\n\t\t\t\t\t\t\t\t\t\t\t\t\t\t\t\t<span class=\"thumb-info-title\">\n\n\t\t\t\t\t\t\t\t\t\t<span class=\"thumb-info-inner\">42500<\/span>\n\n\t\t\t\t\t\t\t\t\t\t\n\t\t\t\t\t\t\t\t\t<\/span>\n\t\t\t\t\t\t\t\t\t\t\t\t\t\t\t\t\t\t\t\t\t\t\t\t\t\t\t<span class=\"thumb-info-action\">\n\t\t\t\t\t\t\t\t\t\t\t\t\t\t\t\t\t<span class=\"thumb-info-action-icon thumb-info-action-icon-dark opacity-8\"><i class=\"fa fa-link\"><\/i><\/span>\n\t\t\t\t\t\t\t\t\t\t\t\t\t\t\t\t\t\t\t\t\t\t\t<\/span>\n\t\t\t\t\t\t\t\t\t\t\t\t\t\t\t\t\t<\/span>\n\t\t\t\t<\/span>\n\t\t\t<\/a>\n\t\t\t\t\t\t\t\t<\/div>\n\t<\/article>\n\t\n\t\n\t\n\t\t<\/div>\n\n\t\n\t\n\t<\/div>\n\n\t\n\t\n\t<\/div>[\/vc_column][vc_column width=\u00bb1\/4&#8243; el_class=\u00bbcustom-join-now-form\u00bb]\n<div class=\"wpcf7 no-js\" id=\"wpcf7-f957-o2\" lang=\"es-ES\" dir=\"ltr\" data-wpcf7-id=\"957\">\n<div class=\"screen-reader-response\"><p role=\"status\" aria-live=\"polite\" aria-atomic=\"true\"><\/p> <ul><\/ul><\/div>\n<form action=\"\/es\/wp-json\/wp\/v2\/pages\/664#wpcf7-f957-o2\" method=\"post\" class=\"wpcf7-form init\" aria-label=\"Formulario de contacto\" novalidate=\"novalidate\" data-status=\"init\">\n<fieldset class=\"hidden-fields-container\"><input type=\"hidden\" name=\"_wpcf7\" value=\"957\" \/><input type=\"hidden\" name=\"_wpcf7_version\" value=\"6.1.5\" \/><input type=\"hidden\" name=\"_wpcf7_locale\" value=\"es_ES\" \/><input type=\"hidden\" name=\"_wpcf7_unit_tag\" value=\"wpcf7-f957-o2\" \/><input type=\"hidden\" name=\"_wpcf7_container_post\" value=\"0\" \/><input type=\"hidden\" name=\"_wpcf7_posted_data_hash\" value=\"\" \/><input type=\"hidden\" name=\"_wpcf7_recaptcha_response\" value=\"\" \/>\n<\/fieldset>\n<h2>Preg\u00fantenos!\n<\/h2>\n<h5>Consulte informaci\u00f3n sobre nuestros productos\n<\/h5>\n<p><span class=\"wpcf7-form-control-wrap\" data-name=\"your-name\"><input size=\"40\" maxlength=\"400\" class=\"wpcf7-form-control wpcf7-text wpcf7-validates-as-required\" aria-required=\"true\" aria-invalid=\"false\" placeholder=\"Tu Nombre\" value=\"\" type=\"text\" name=\"your-name\" \/><\/span><span class=\"wpcf7-form-control-wrap\" data-name=\"your-email\"><input size=\"40\" maxlength=\"400\" class=\"wpcf7-form-control wpcf7-email wpcf7-validates-as-required wpcf7-text wpcf7-validates-as-email\" aria-required=\"true\" aria-invalid=\"false\" placeholder=\"Tu Email\" value=\"\" type=\"email\" name=\"your-email\" \/><\/span><span class=\"wpcf7-form-control-wrap\" data-name=\"your-message\"><textarea cols=\"40\" rows=\"10\" maxlength=\"2000\" class=\"wpcf7-form-control wpcf7-textarea wpcf7-validates-as-required\" aria-required=\"true\" aria-invalid=\"false\" placeholder=\"Tu Mensaje\" name=\"your-message\"><\/textarea><\/span>\n<input class=\"wpcf7-form-control wpcf7-submit has-spinner\" type=\"submit\" value=\"Enviar!\" \/>\n<\/p>\n<style>\n@media (min-width: 768px){\n.custom-join-now-form{\n\t\tmax-width: 288px;\n\t\tfloat: right;\n\t\tz-index: 1;\n\t}\n}\n.custom-join-now-form .wpcf7-form{\n\tmargin-top: 2px;\n margin-left: 1px;\n padding: 31px 30px 30px;\n background: #22468e;\n}\n.custom-join-now-form .wpcf7-form .wpcf7-form-control {\n display: block;\n width: 100%;\n height: 34px;\n padding: 6px 12px !important;\n font-size: 12px !important;\n line-height: 1.42857143 !important;\n color: #555555 !important;\n background-color: #ffffff !important;\n background-image: none !important;\n border: 1px solid #ffffff !important;\n border-radius: 0px !important;\n -webkit-box-shadow: inherit !important;\n box-shadow: inherit !important;\n\tmargin-top: 15px !important;\n\n}\n.custom-join-now-form .wpcf7-form .wpcf7-submit {\n\theight: 42px;\n color: #ffffff !important;\n background-color: #0e0e0e !important;\n\tdisplay: inline-block;\n padding: 6px 12px;\n margin-bottom: 0;\n font-size: 14px !important;\n font-weight: 400;\n line-height: 1.42857143;\n text-align: center;\n white-space: nowrap;\n vertical-align: middle;\n -ms-touch-action: manipulation;\n touch-action: manipulation;\n cursor: pointer;\n -webkit-user-select: none;\n -moz-user-select: none;\n -ms-user-select: none;\n user-select: none;\n background-image: none;\n border: 1px solid #0a0a0a !important;\n border-radius: 0px;\n\theight: 42px;\n}\n.custom-join-now-form .wpcf7-form h2 {\n color: #ffffff;\n text-align: left;\n font-weight: 700;\n font-size: 22px;\n line-height: 26px;\n\tmargin-bottom: 0px !important;\n\tletter-spacing: -0.8px;\n}\n.custom-join-now-form .wpcf7-form h5,\n.custom-join-now-form .wpcf7-form p {\n margin: 0px !important;\n font-weight: 300;\n font-size: 13px;\n color: #ffffff;\n text-align: left;\n letter-spacing: -0.2px;\n}\n\n.custom-join-now-form .wpcf7-form h5{\n margin-bottom: 20px !important;\n}\n.custom-join-now-form .wpcf7-form .wpcf7-textarea {\n height: 100px;\n}\n\n.cform7{\n z-index: 1;\n}\ndiv.wpcf7 .ajax-loader {display:none !important }\ndiv.wpcf7 .ajax-loader.is-active {\n\tdisplay:block !important\n}\n<\/style><input type='hidden' class='wpcf7-pum' value='{\"closepopup\":false,\"closedelay\":0,\"openpopup\":false,\"openpopup_id\":0}' \/><div class=\"wpcf7-response-output\" aria-hidden=\"true\"><\/div>\n<\/form>\n<\/div>\n[\/vc_column][\/vc_row]<\/p>\n<\/div>","protected":false},"excerpt":{"rendered":"<p>[vc_row][vc_column][vc_custom_heading text=\u00bbBater\u00edas Automotrices y de Equipo pesado (Comercial)\u00bb use_theme_fonts=\u00bbyes\u00bb][vc_column_text el_class=\u00bblead\u00bb]Nuestras bater\u00edas son fabricadas bajo los mas altos est\u00e1ndares de calidad, entregando siempre el mejor desempe\u00f1o y mayor durabilidad. Contamos con bater\u00edas para todas las aplicaciones desde veh\u00edculos peque\u00f1os hasta equipo pesado y tambi\u00e9n bater\u00edas para aplicaciones solares y de ciclo profundo.[\/vc_column_text][vc_row_inner el_class=\u00bbm-t-xl\u00bb][vc_column_inner width=\u00bb1\/3&#8243; offset=\u00bbvc_col-xs-4&#8243;][vc_single_image image=\u00bb739&#8243; [&hellip;]<\/p>\n","protected":false},"author":2,"featured_media":0,"parent":0,"menu_order":0,"comment_status":"closed","ping_status":"closed","template":"","meta":{"footnotes":""},"class_list":["post-664","page","type-page","status-publish","hentry"],"_links":{"self":[{"href":"https:\/\/abexinc.com\/es\/wp-json\/wp\/v2\/pages\/664","targetHints":{"allow":["GET"]}}],"collection":[{"href":"https:\/\/abexinc.com\/es\/wp-json\/wp\/v2\/pages"}],"about":[{"href":"https:\/\/abexinc.com\/es\/wp-json\/wp\/v2\/types\/page"}],"author":[{"embeddable":true,"href":"https:\/\/abexinc.com\/es\/wp-json\/wp\/v2\/users\/2"}],"replies":[{"embeddable":true,"href":"https:\/\/abexinc.com\/es\/wp-json\/wp\/v2\/comments?post=664"}],"version-history":[{"count":9,"href":"https:\/\/abexinc.com\/es\/wp-json\/wp\/v2\/pages\/664\/revisions"}],"predecessor-version":[{"id":1116,"href":"https:\/\/abexinc.com\/es\/wp-json\/wp\/v2\/pages\/664\/revisions\/1116"}],"wp:attachment":[{"href":"https:\/\/abexinc.com\/es\/wp-json\/wp\/v2\/media?parent=664"}],"curies":[{"name":"wp","href":"https:\/\/api.w.org\/{rel}","templated":true}]}}